{"id":672,"date":"2019-02-13T03:32:31","date_gmt":"2019-02-13T03:32:31","guid":{"rendered":"http:\/\/www.sigueenmovimiento.com\/home\/?page_id=672"},"modified":"2024-02-12T02:37:48","modified_gmt":"2024-02-12T02:37:48","slug":"contacto","status":"publish","type":"page","link":"https:\/\/www.sigueenmovimiento.com\/home\/contacto\/","title":{"rendered":"Contacto"},"content":{"rendered":"<p style=\"text-align: justify;\">Puede comunicarse directamente con nosotros enviando un mensaje a trav\u00e9s del siguiente formulario:<\/p>\n<p style=\"text-align: justify;\"><div class=\"wpforms-container wpforms-container-full\" id=\"wpforms-456\"><form id=\"wpforms-form-456\" class=\"wpforms-validate wpforms-form\" data-formid=\"456\" method=\"post\" enctype=\"multipart\/form-data\" action=\"\/home\/wp-json\/wp\/v2\/pages\/672\" data-token=\"26582f817f951e51751f66d1557f1fca\" data-token-time=\"1777637697\"><noscript class=\"wpforms-error-noscript\">Por favor, activa JavaScript en tu navegador para completar este formulario.<\/noscript><div class=\"wpforms-field-container\"><div id=\"wpforms-456-field_0-container\" class=\"wpforms-field wpforms-field-name\" data-field-id=\"0\"><label class=\"wpforms-field-label\" for=\"wpforms-456-field_0\">Su nombre <span class=\"wpforms-required-label\">*<\/span><\/label><input type=\"text\" id=\"wpforms-456-field_0\" class=\"wpforms-field-medium wpforms-field-required\" name=\"wpforms[fields][0]\" required><\/div><div id=\"wpforms-456-field_1-container\" class=\"wpforms-field wpforms-field-email\" data-field-id=\"1\"><label class=\"wpforms-field-label\" for=\"wpforms-456-field_1\">Su direcci\u00f3n de correo electr\u00f3nico <span class=\"wpforms-required-label\">*<\/span><\/label><input type=\"email\" id=\"wpforms-456-field_1\" class=\"wpforms-field-medium wpforms-field-required\" name=\"wpforms[fields][1]\" spellcheck=\"false\" required><\/div><div id=\"wpforms-456-field_2-container\" class=\"wpforms-field wpforms-field-textarea\" data-field-id=\"2\"><label class=\"wpforms-field-label\" for=\"wpforms-456-field_2\">Su mensaje <span class=\"wpforms-required-label\">*<\/span><\/label><textarea id=\"wpforms-456-field_2\" class=\"wpforms-field-small wpforms-field-required\" name=\"wpforms[fields][2]\" required><\/textarea><\/div><\/div><!-- .wpforms-field-container --><div class=\"wpforms-field wpforms-field-hp\"><label for=\"wpforms-456-field-hp\" class=\"wpforms-field-label\">Message<\/label><input type=\"text\" name=\"wpforms[hp]\" id=\"wpforms-456-field-hp\" class=\"wpforms-field-medium\"><\/div><div class=\"wpforms-submit-container\" ><input type=\"hidden\" name=\"wpforms[id]\" value=\"456\"><input type=\"hidden\" name=\"page_title\" value=\"\"><input type=\"hidden\" name=\"page_url\" value=\"https:\/\/www.sigueenmovimiento.com\/home\/wp-json\/wp\/v2\/pages\/672\"><input type=\"hidden\" name=\"url_referer\" value=\"\"><button type=\"submit\" name=\"wpforms[submit]\" id=\"wpforms-submit-456\" class=\"wpforms-submit\" data-alt-text=\"Enviando...\" data-submit-text=\"Enviar\" aria-live=\"assertive\" value=\"wpforms-submit\">Enviar<\/button><\/div><\/form><\/div>  <!-- .wpforms-container --><\/p>\n<p>O un mensaje directo a trav\u00e9s de nuestro <strong>WhatsApp <\/strong>al\u00a0<a href=\"https:\/\/api.whatsapp.com\/send?phone=573113641485&amp;text=Me%20gustar%C3%ADa%20recibir%20informaci%C3%B3n%20sobre%20*Sigue%20en%20Movimiento*%20me%20encuentro%20actualmente%20visitando%20su%20p%C3%A1gina%20web\">+573113641485<\/a> o haciendo clic en el \u00edcono de WhatsApp que se despliega en la parte inferior derecha de su pantalla, le atenderemos de forma personalizada a la brevedad posible.<\/p>\n<h4 style=\"text-align: center;\">Plataforma Sigue en Movimiento<\/h4>\n<div class=\"address-content\" style=\"text-align: center;\"><i class=\"fa fa-location-arrow \" ><\/i> Zona Libre, Cient\u00edfica, Cultural y Tecnol\u00f3gica (ZOLCCYT), Llano de San Antonio, San Juan, M\u00e9rida, Venezuela<\/div>\n<div class=\"address-contact\">\n<p class=\"address-content\" style=\"text-align: center;\"><i class=\"fa fa-phone \" ><\/i> +573113641485 <i class=\"fa fa-inbox \" ><\/i> <a href=\"mailto:info@sigueenmovimiento.com\">info@sigueenmovimiento.com<\/a><\/p>\n<\/div>\n","protected":false},"excerpt":{"rendered":"<p>Puede comunicarse directamente con nosotros enviando un mensaje a trav\u00e9s del siguiente formulario: O un mensaje directo a trav\u00e9s de nuestro WhatsApp al\u00a0+573113641485 o haciendo clic en el \u00edcono de &#8230;<\/p>\n","protected":false},"author":1,"featured_media":0,"parent":0,"menu_order":0,"comment_status":"closed","ping_status":"closed","template":"template-fullwidth.php","meta":{"_joinchat":{"telephone":"+573113641485"},"footnotes":""},"class_list":["post-672","page","type-page","status-publish","hentry"],"yoast_head":"<!-- This site is optimized with the Yoast SEO plugin v26.4 - https:\/\/yoast.com\/wordpress\/plugins\/seo\/ -->\n<title>Contacto | Sigue en Movimiento<\/title>\n<meta name=\"robots\" content=\"index, follow, max-snippet:-1, max-image-preview:large, max-video-preview:-1\" \/>\n<link rel=\"canonical\" href=\"https:\/\/www.sigueenmovimiento.com\/home\/contacto\/\" \/>\n<meta property=\"og:locale\" content=\"es_ES\" \/>\n<meta property=\"og:type\" content=\"article\" \/>\n<meta property=\"og:title\" content=\"Contacto | Sigue en Movimiento\" \/>\n<meta property=\"og:description\" content=\"Puede comunicarse directamente con nosotros enviando un mensaje a trav\u00e9s del siguiente formulario: O un mensaje directo a trav\u00e9s de nuestro WhatsApp al\u00a0+573113641485 o haciendo clic en el \u00edcono de ...\" \/>\n<meta property=\"og:url\" content=\"https:\/\/www.sigueenmovimiento.com\/home\/contacto\/\" \/>\n<meta property=\"og:site_name\" content=\"Sigue en Movimiento\" \/>\n<meta property=\"article:publisher\" content=\"http:\/\/www.facebook.com\/sigueenmovimiento\" \/>\n<meta property=\"article:modified_time\" content=\"2024-02-12T02:37:48+00:00\" \/>\n<meta name=\"twitter:card\" content=\"summary_large_image\" \/>\n<meta name=\"twitter:site\" content=\"@siguemovimiento\" \/>\n<meta name=\"twitter:label1\" content=\"Tiempo de lectura\" \/>\n\t<meta name=\"twitter:data1\" content=\"1 minuto\" \/>\n<script type=\"application\/ld+json\" class=\"yoast-schema-graph\">{\"@context\":\"https:\/\/schema.org\",\"@graph\":[{\"@type\":\"WebPage\",\"@id\":\"https:\/\/www.sigueenmovimiento.com\/home\/contacto\/\",\"url\":\"https:\/\/www.sigueenmovimiento.com\/home\/contacto\/\",\"name\":\"Contacto | Sigue en Movimiento\",\"isPartOf\":{\"@id\":\"https:\/\/www.sigueenmovimiento.com\/home\/#website\"},\"datePublished\":\"2019-02-13T03:32:31+00:00\",\"dateModified\":\"2024-02-12T02:37:48+00:00\",\"breadcrumb\":{\"@id\":\"https:\/\/www.sigueenmovimiento.com\/home\/contacto\/#breadcrumb\"},\"inLanguage\":\"es\",\"potentialAction\":[{\"@type\":\"ReadAction\",\"target\":[\"https:\/\/www.sigueenmovimiento.com\/home\/contacto\/\"]}]},{\"@type\":\"BreadcrumbList\",\"@id\":\"https:\/\/www.sigueenmovimiento.com\/home\/contacto\/#breadcrumb\",\"itemListElement\":[{\"@type\":\"ListItem\",\"position\":1,\"name\":\"Portada\",\"item\":\"https:\/\/www.sigueenmovimiento.com\/home\/\"},{\"@type\":\"ListItem\",\"position\":2,\"name\":\"Contacto\"}]},{\"@type\":\"WebSite\",\"@id\":\"https:\/\/www.sigueenmovimiento.com\/home\/#website\",\"url\":\"https:\/\/www.sigueenmovimiento.com\/home\/\",\"name\":\"Sigue en Movimiento\",\"description\":\"Certificaciones, cursos y talleres online para entrenadores deportivos y especialistas en fitness\",\"publisher\":{\"@id\":\"https:\/\/www.sigueenmovimiento.com\/home\/#organization\"},\"potentialAction\":[{\"@type\":\"SearchAction\",\"target\":{\"@type\":\"EntryPoint\",\"urlTemplate\":\"https:\/\/www.sigueenmovimiento.com\/home\/?s={search_term_string}\"},\"query-input\":{\"@type\":\"PropertyValueSpecification\",\"valueRequired\":true,\"valueName\":\"search_term_string\"}}],\"inLanguage\":\"es\"},{\"@type\":\"Organization\",\"@id\":\"https:\/\/www.sigueenmovimiento.com\/home\/#organization\",\"name\":\"Plataforma Sigue en Movimiento\",\"url\":\"https:\/\/www.sigueenmovimiento.com\/home\/\",\"logo\":{\"@type\":\"ImageObject\",\"inLanguage\":\"es\",\"@id\":\"https:\/\/www.sigueenmovimiento.com\/home\/#\/schema\/logo\/image\/\",\"url\":\"http:\/\/www.sigueenmovimiento.com\/home\/wp-content\/uploads\/2018\/12\/LOGO.jpg\",\"contentUrl\":\"http:\/\/www.sigueenmovimiento.com\/home\/wp-content\/uploads\/2018\/12\/LOGO.jpg\",\"width\":736,\"height\":714,\"caption\":\"Plataforma Sigue en Movimiento\"},\"image\":{\"@id\":\"https:\/\/www.sigueenmovimiento.com\/home\/#\/schema\/logo\/image\/\"},\"sameAs\":[\"http:\/\/www.facebook.com\/sigueenmovimiento\",\"https:\/\/x.com\/siguemovimiento\"]}]}<\/script>\n<!-- \/ Yoast SEO plugin. -->","yoast_head_json":{"title":"Contacto | Sigue en Movimiento","robots":{"index":"index","follow":"follow","max-snippet":"max-snippet:-1","max-image-preview":"max-image-preview:large","max-video-preview":"max-video-preview:-1"},"canonical":"https:\/\/www.sigueenmovimiento.com\/home\/contacto\/","og_locale":"es_ES","og_type":"article","og_title":"Contacto | Sigue en Movimiento","og_description":"Puede comunicarse directamente con nosotros enviando un mensaje a trav\u00e9s del siguiente formulario: O un mensaje directo a trav\u00e9s de nuestro WhatsApp al\u00a0+573113641485 o haciendo clic en el \u00edcono de ...","og_url":"https:\/\/www.sigueenmovimiento.com\/home\/contacto\/","og_site_name":"Sigue en Movimiento","article_publisher":"http:\/\/www.facebook.com\/sigueenmovimiento","article_modified_time":"2024-02-12T02:37:48+00:00","twitter_card":"summary_large_image","twitter_site":"@siguemovimiento","twitter_misc":{"Tiempo de lectura":"1 minuto"},"schema":{"@context":"https:\/\/schema.org","@graph":[{"@type":"WebPage","@id":"https:\/\/www.sigueenmovimiento.com\/home\/contacto\/","url":"https:\/\/www.sigueenmovimiento.com\/home\/contacto\/","name":"Contacto | Sigue en Movimiento","isPartOf":{"@id":"https:\/\/www.sigueenmovimiento.com\/home\/#website"},"datePublished":"2019-02-13T03:32:31+00:00","dateModified":"2024-02-12T02:37:48+00:00","breadcrumb":{"@id":"https:\/\/www.sigueenmovimiento.com\/home\/contacto\/#breadcrumb"},"inLanguage":"es","potentialAction":[{"@type":"ReadAction","target":["https:\/\/www.sigueenmovimiento.com\/home\/contacto\/"]}]},{"@type":"BreadcrumbList","@id":"https:\/\/www.sigueenmovimiento.com\/home\/contacto\/#breadcrumb","itemListElement":[{"@type":"ListItem","position":1,"name":"Portada","item":"https:\/\/www.sigueenmovimiento.com\/home\/"},{"@type":"ListItem","position":2,"name":"Contacto"}]},{"@type":"WebSite","@id":"https:\/\/www.sigueenmovimiento.com\/home\/#website","url":"https:\/\/www.sigueenmovimiento.com\/home\/","name":"Sigue en Movimiento","description":"Certificaciones, cursos y talleres online para entrenadores deportivos y especialistas en fitness","publisher":{"@id":"https:\/\/www.sigueenmovimiento.com\/home\/#organization"},"potentialAction":[{"@type":"SearchAction","target":{"@type":"EntryPoint","urlTemplate":"https:\/\/www.sigueenmovimiento.com\/home\/?s={search_term_string}"},"query-input":{"@type":"PropertyValueSpecification","valueRequired":true,"valueName":"search_term_string"}}],"inLanguage":"es"},{"@type":"Organization","@id":"https:\/\/www.sigueenmovimiento.com\/home\/#organization","name":"Plataforma Sigue en Movimiento","url":"https:\/\/www.sigueenmovimiento.com\/home\/","logo":{"@type":"ImageObject","inLanguage":"es","@id":"https:\/\/www.sigueenmovimiento.com\/home\/#\/schema\/logo\/image\/","url":"http:\/\/www.sigueenmovimiento.com\/home\/wp-content\/uploads\/2018\/12\/LOGO.jpg","contentUrl":"http:\/\/www.sigueenmovimiento.com\/home\/wp-content\/uploads\/2018\/12\/LOGO.jpg","width":736,"height":714,"caption":"Plataforma Sigue en Movimiento"},"image":{"@id":"https:\/\/www.sigueenmovimiento.com\/home\/#\/schema\/logo\/image\/"},"sameAs":["http:\/\/www.facebook.com\/sigueenmovimiento","https:\/\/x.com\/siguemovimiento"]}]}},"jetpack_sharing_enabled":true,"_links":{"self":[{"href":"https:\/\/www.sigueenmovimiento.com\/home\/wp-json\/wp\/v2\/pages\/672","targetHints":{"allow":["GET"]}}],"collection":[{"href":"https:\/\/www.sigueenmovimiento.com\/home\/wp-json\/wp\/v2\/pages"}],"about":[{"href":"https:\/\/www.sigueenmovimiento.com\/home\/wp-json\/wp\/v2\/types\/page"}],"author":[{"embeddable":true,"href":"https:\/\/www.sigueenmovimiento.com\/home\/wp-json\/wp\/v2\/users\/1"}],"replies":[{"embeddable":true,"href":"https:\/\/www.sigueenmovimiento.com\/home\/wp-json\/wp\/v2\/comments?post=672"}],"version-history":[{"count":11,"href":"https:\/\/www.sigueenmovimiento.com\/home\/wp-json\/wp\/v2\/pages\/672\/revisions"}],"predecessor-version":[{"id":5116,"href":"https:\/\/www.sigueenmovimiento.com\/home\/wp-json\/wp\/v2\/pages\/672\/revisions\/5116"}],"wp:attachment":[{"href":"https:\/\/www.sigueenmovimiento.com\/home\/wp-json\/wp\/v2\/media?parent=672"}],"curies":[{"name":"wp","href":"https:\/\/api.w.org\/{rel}","templated":true}]}}