{"id":620,"date":"2019-02-04T19:04:14","date_gmt":"2019-02-04T19:04:14","guid":{"rendered":"http:\/\/www.sigueenmovimiento.com\/home\/?page_id=620"},"modified":"2022-05-03T17:50:50","modified_gmt":"2022-05-03T17:50:50","slug":"nuestros-certificados","status":"publish","type":"page","link":"https:\/\/www.sigueenmovimiento.com\/home\/nuestros-certificados\/","title":{"rendered":"Nuestros certificados"},"content":{"rendered":"\n<figure class=\"wp-block-gallery has-nested-images columns-default is-cropped wp-block-gallery-2 is-layout-flex wp-block-gallery-is-layout-flex\">\n<figure class=\"wp-block-image size-large\"><a href=\"http:\/\/www.sigueenmovimiento.com\/home\/wp-content\/uploads\/2022\/01\/Adultos-Mayores-scaled.jpg\"><img fetchpriority=\"high\" decoding=\"async\" width=\"2560\" height=\"1707\" data-id=\"1578\" src=\"http:\/\/www.sigueenmovimiento.com\/home\/wp-content\/uploads\/2022\/01\/Adultos-Mayores-scaled.jpg\" alt=\"\" class=\"wp-image-1578\" srcset=\"https:\/\/www.sigueenmovimiento.com\/home\/wp-content\/uploads\/2022\/01\/Adultos-Mayores-scaled.jpg 2560w, https:\/\/www.sigueenmovimiento.com\/home\/wp-content\/uploads\/2022\/01\/Adultos-Mayores-300x200.jpg 300w, https:\/\/www.sigueenmovimiento.com\/home\/wp-content\/uploads\/2022\/01\/Adultos-Mayores-1024x683.jpg 1024w, https:\/\/www.sigueenmovimiento.com\/home\/wp-content\/uploads\/2022\/01\/Adultos-Mayores-768x512.jpg 768w, https:\/\/www.sigueenmovimiento.com\/home\/wp-content\/uploads\/2022\/01\/Adultos-Mayores-1536x1024.jpg 1536w, https:\/\/www.sigueenmovimiento.com\/home\/wp-content\/uploads\/2022\/01\/Adultos-Mayores-2048x1365.jpg 2048w, https:\/\/www.sigueenmovimiento.com\/home\/wp-content\/uploads\/2022\/01\/Adultos-Mayores-600x400.jpg 600w\" sizes=\"(max-width: 2560px) 100vw, 2560px\" \/><\/a><figcaption>Parte frontal del certificado de aprobaci\u00f3n de certificaci\u00f3n internacional<\/figcaption><\/figure>\n\n\n\n<figure class=\"wp-block-image size-large\"><a href=\"http:\/\/www.sigueenmovimiento.com\/home\/wp-content\/uploads\/2022\/04\/ReversoFND-scaled.jpg\"><img decoding=\"async\" width=\"2560\" height=\"1707\" data-id=\"1783\" src=\"http:\/\/www.sigueenmovimiento.com\/home\/wp-content\/uploads\/2022\/04\/ReversoFND-scaled.jpg\" alt=\"\" class=\"wp-image-1783\" srcset=\"https:\/\/www.sigueenmovimiento.com\/home\/wp-content\/uploads\/2022\/04\/ReversoFND-scaled.jpg 2560w, https:\/\/www.sigueenmovimiento.com\/home\/wp-content\/uploads\/2022\/04\/ReversoFND-300x200.jpg 300w, https:\/\/www.sigueenmovimiento.com\/home\/wp-content\/uploads\/2022\/04\/ReversoFND-1024x683.jpg 1024w, https:\/\/www.sigueenmovimiento.com\/home\/wp-content\/uploads\/2022\/04\/ReversoFND-768x512.jpg 768w, https:\/\/www.sigueenmovimiento.com\/home\/wp-content\/uploads\/2022\/04\/ReversoFND-1536x1024.jpg 1536w, https:\/\/www.sigueenmovimiento.com\/home\/wp-content\/uploads\/2022\/04\/ReversoFND-2048x1365.jpg 2048w, https:\/\/www.sigueenmovimiento.com\/home\/wp-content\/uploads\/2022\/04\/ReversoFND-600x400.jpg 600w, https:\/\/www.sigueenmovimiento.com\/home\/wp-content\/uploads\/2022\/04\/ReversoFND-90x60.jpg 90w, https:\/\/www.sigueenmovimiento.com\/home\/wp-content\/uploads\/2022\/04\/ReversoFND-135x90.jpg 135w\" sizes=\"(max-width: 2560px) 100vw, 2560px\" \/><\/a><figcaption>Reverso de certificado de aprobaci\u00f3n de certificaci\u00f3n internacional<\/figcaption><\/figure>\n<\/figure>\n\n\n\n<p>Emitimos certificados digitales verificables en formato imprimible de alta calidad reconocidos por el<strong> Instituto Suramericano de Educaci\u00f3n Moderna ISEM C.A. <\/strong>que son enviados al correo electr\u00f3nico del participante una vez haya cumplido con los requisitos de aprobaci\u00f3n.<\/p>\n\n\n\n<p>Todos los certificados que emitimos al est\u00e1ndar del <strong>Sistema Europeo de Transferencia y Acumulaci\u00f3n de Cr\u00e9ditos (ECTS)<\/strong> lo que permite una mejor forma de cuantificar el trabajo acad\u00e9mico de cada participante y el reconocimiento m\u00e1s amplio de nuestros certificados como cr\u00e9ditos de libre elecci\u00f3n ante la Uni\u00f3n Europea.<\/p>\n\n\n\n<p>Tras superar los criterios evaluativos del programa de formaci\u00f3n, los participantes aprobados recibir\u00e1n un certificado de aptitud en formato digital que incluye el programa, horas acreditadas, semanas de estudio, firmas electr\u00f3nicas, logotipos o sellos de las instituciones que los respaldan y el c\u00f3digo QR para la verificaci\u00f3n electr\u00f3nica de las versiones digitales e impresas. Los certificados est\u00e1n inscritos en el sistema de consulta permanente de la plataforma y as\u00ed se hace constar en los mismos.<\/p>\n\n\n\n<h4 class=\"wp-block-heading\"><strong>No vendemos certificados<\/strong><\/h4>\n\n\n\n<p>Nuestros participantes deben haber demostrado la adquisici\u00f3n de competencias, m\u00e9ritos, valores y herramientas te\u00f3rico-pr\u00e1cticas para hacerse acreedores de una certificaci\u00f3n Sigue en Movimiento.<\/p>\n\n\n\n<p>\u00c9stos documentos <strong>cuentan con validez internacional<\/strong> y gozan de un s\u00f3lido respaldo digital, acad\u00e9mico, cient\u00edfico e institucional.<\/p>\n\n\n\n<p>Una vez haya recibido su certificaci\u00f3n, el participante pasar\u00e1 a formar parte de nuestra base de datos de <strong>profesionales certificados<\/strong> la cual es de referencia p\u00fablica a nivel mundial y puede ser consultada, por cualquier persona y desde cualquier parte del mundo a trav\u00e9s del enlace:<\/p>\n\n\n\n<p><a href=\"http:\/\/www.consulta.sigueenmovimiento.com\/\">http:\/\/www.consulta.sigueenmovimiento.com\/<\/a>.<\/p>\n\n\n\n<p>Cualquier persona interesada en validar los estudios realizados a trav\u00e9s de nuestra plataforma, tendr\u00e1 la posibilidad de acceder a nuestra base de datos p\u00fablica a trav\u00e9s de nuestro sistema de consulta web e ingresando el n\u00famero de documento de identidad del participante (c\u00e9dula, identificaci\u00f3n personal, RUT, DNI).<\/p>\n\n\n\n<h4 class=\"wp-block-heading\"><strong>Cabe destacar<\/strong><\/h4>\n\n\n\n<p>Que por razones de calidad, nuestros certificados <strong>no son documentos escaneados<\/strong>, la mayor\u00eda de las plataformas respetables de e-learning a nivel mundial, emiten certificaciones digitales con caracter\u00edsticas especiales similares a los emitidos por nuestra plataforma.<\/p>\n\n\n\n<p>Nuestros certificados pueden ser impresos para anexarlos a su curr\u00edculo profesional, <strong>poseen la misma validez que un certificado impreso<\/strong> con firmas manuscritas y sellos h\u00famedos.<\/p>\n\n\n\n<p>La verificabilidad electr\u00f3nica del certificado es un factor notable que, como estudiante, lo hace acreedor de un documento \u00fanico, v\u00e1lido, 100% confiable e imposible de falsificar.<\/p>\n\n\n\n<p><strong>\u00danicamente pasar\u00e1n a formar parte de la base de datos de estudiantes certificados, aquellas personas que hayan cursado y aprobado satisfactoriamente nuestros programas de formaci\u00f3n.<\/strong><\/p>\n\n\n\n<p>Nuestros certificados pueden ser a\u00f1adidos al perfil del participante aprobado en la red social profesional <a href=\"https:\/\/www.linkedin.com\/\">LinkedIn<\/a> para as\u00ed compartir con sus contactos las habilidades profesionales adquiridas por medio de los estudios realizados a trav\u00e9s de nuestra plataforma.<\/p>\n\n\n\n<h4 class=\"wp-block-heading\"><strong>\u00bfTienes una certificaci\u00f3n Sigue en Movimiento?<\/strong><\/h4>\n\n\n\n<p>Las certificaciones son un magn\u00edfico modo de mostrar tus conocimientos y tus logros profesionales en tu perfil de <a href=\"https:\/\/www.linkedin.com\/\">LinkedIn.<\/a><\/p>\n\n\n\n<figure class=\"wp-block-image\"><a href=\"https:\/\/www.linkedin.com\/profile\/add?startTask=CERTIFICATION_NAME\" target=\"_blank\" rel=\"nofollow noopener noreferrer\"><img decoding=\"async\" src=\"https:\/\/download.linkedin.com\/desktop\/add2profile\/buttons\/es_ES.png \" alt=\"LinkedIn Add to Profile button\"\/><\/a><\/figure>\n\n\n\n<div><\/div>\n\n\n\n<div>&nbsp;<\/div>\n\n\n\n<h4 class=\"wp-block-heading\">&nbsp;<\/h4>\n\n\n\n<h4 class=\"wp-block-heading\"><strong>\u00bfDudas con LinkedIn?<\/strong><\/h4>\n\n\n\n<p>Consulta el siguiente <a href=\"https:\/\/www.linkedin.com\/help\/linkedin\/answer\/45253\/anadir-editar-o-eliminar-certificaciones-en-tu-perfil?lang=es\">foro de ayuda<\/a><\/p>\n","protected":false},"excerpt":{"rendered":"<p>Emitimos certificados digitales verificables en formato imprimible de alta calidad reconocidos por el Instituto Suramericano de Educaci\u00f3n Moderna ISEM C.A. que son enviados al correo electr\u00f3nico del participante una vez &#8230;<\/p>\n","protected":false},"author":1,"featured_media":0,"parent":0,"menu_order":0,"comment_status":"closed","ping_status":"closed","template":"template-fullwidth.php","meta":{"_joinchat":{"telephone":"+573113641485"},"footnotes":""},"class_list":["post-620","page","type-page","status-publish","hentry"],"yoast_head":"<!-- This site is optimized with the Yoast SEO plugin v26.4 - https:\/\/yoast.com\/wordpress\/plugins\/seo\/ -->\n<title>Nuestros certificados | Sigue en Movimiento<\/title>\n<meta name=\"robots\" content=\"index, follow, max-snippet:-1, max-image-preview:large, max-video-preview:-1\" \/>\n<link rel=\"canonical\" href=\"https:\/\/www.sigueenmovimiento.com\/home\/nuestros-certificados\/\" \/>\n<meta property=\"og:locale\" content=\"es_ES\" \/>\n<meta property=\"og:type\" content=\"article\" \/>\n<meta property=\"og:title\" content=\"Nuestros certificados | Sigue en Movimiento\" \/>\n<meta property=\"og:description\" content=\"Emitimos certificados digitales verificables en formato imprimible de alta calidad reconocidos por el Instituto Suramericano de Educaci\u00f3n Moderna ISEM C.A. que son enviados al correo electr\u00f3nico del participante una vez ...\" \/>\n<meta property=\"og:url\" content=\"https:\/\/www.sigueenmovimiento.com\/home\/nuestros-certificados\/\" \/>\n<meta property=\"og:site_name\" content=\"Sigue en Movimiento\" \/>\n<meta property=\"article:publisher\" content=\"http:\/\/www.facebook.com\/sigueenmovimiento\" \/>\n<meta property=\"article:modified_time\" content=\"2022-05-03T17:50:50+00:00\" \/>\n<meta property=\"og:image\" content=\"http:\/\/www.sigueenmovimiento.com\/home\/wp-content\/uploads\/2022\/01\/Adultos-Mayores-scaled.jpg\" \/>\n<meta name=\"twitter:card\" content=\"summary_large_image\" \/>\n<meta name=\"twitter:site\" content=\"@siguemovimiento\" \/>\n<meta name=\"twitter:label1\" content=\"Tiempo de lectura\" \/>\n\t<meta name=\"twitter:data1\" content=\"3 minutos\" \/>\n<script type=\"application\/ld+json\" class=\"yoast-schema-graph\">{\"@context\":\"https:\/\/schema.org\",\"@graph\":[{\"@type\":\"WebPage\",\"@id\":\"https:\/\/www.sigueenmovimiento.com\/home\/nuestros-certificados\/\",\"url\":\"https:\/\/www.sigueenmovimiento.com\/home\/nuestros-certificados\/\",\"name\":\"Nuestros certificados | Sigue en Movimiento\",\"isPartOf\":{\"@id\":\"https:\/\/www.sigueenmovimiento.com\/home\/#website\"},\"primaryImageOfPage\":{\"@id\":\"https:\/\/www.sigueenmovimiento.com\/home\/nuestros-certificados\/#primaryimage\"},\"image\":{\"@id\":\"https:\/\/www.sigueenmovimiento.com\/home\/nuestros-certificados\/#primaryimage\"},\"thumbnailUrl\":\"http:\/\/www.sigueenmovimiento.com\/home\/wp-content\/uploads\/2022\/01\/Adultos-Mayores-scaled.jpg\",\"datePublished\":\"2019-02-04T19:04:14+00:00\",\"dateModified\":\"2022-05-03T17:50:50+00:00\",\"breadcrumb\":{\"@id\":\"https:\/\/www.sigueenmovimiento.com\/home\/nuestros-certificados\/#breadcrumb\"},\"inLanguage\":\"es\",\"potentialAction\":[{\"@type\":\"ReadAction\",\"target\":[\"https:\/\/www.sigueenmovimiento.com\/home\/nuestros-certificados\/\"]}]},{\"@type\":\"ImageObject\",\"inLanguage\":\"es\",\"@id\":\"https:\/\/www.sigueenmovimiento.com\/home\/nuestros-certificados\/#primaryimage\",\"url\":\"http:\/\/www.sigueenmovimiento.com\/home\/wp-content\/uploads\/2022\/01\/Adultos-Mayores-scaled.jpg\",\"contentUrl\":\"http:\/\/www.sigueenmovimiento.com\/home\/wp-content\/uploads\/2022\/01\/Adultos-Mayores-scaled.jpg\"},{\"@type\":\"BreadcrumbList\",\"@id\":\"https:\/\/www.sigueenmovimiento.com\/home\/nuestros-certificados\/#breadcrumb\",\"itemListElement\":[{\"@type\":\"ListItem\",\"position\":1,\"name\":\"Portada\",\"item\":\"https:\/\/www.sigueenmovimiento.com\/home\/\"},{\"@type\":\"ListItem\",\"position\":2,\"name\":\"Nuestros certificados\"}]},{\"@type\":\"WebSite\",\"@id\":\"https:\/\/www.sigueenmovimiento.com\/home\/#website\",\"url\":\"https:\/\/www.sigueenmovimiento.com\/home\/\",\"name\":\"Sigue en Movimiento\",\"description\":\"Certificaciones, cursos y talleres online para entrenadores deportivos y especialistas en fitness\",\"publisher\":{\"@id\":\"https:\/\/www.sigueenmovimiento.com\/home\/#organization\"},\"potentialAction\":[{\"@type\":\"SearchAction\",\"target\":{\"@type\":\"EntryPoint\",\"urlTemplate\":\"https:\/\/www.sigueenmovimiento.com\/home\/?s={search_term_string}\"},\"query-input\":{\"@type\":\"PropertyValueSpecification\",\"valueRequired\":true,\"valueName\":\"search_term_string\"}}],\"inLanguage\":\"es\"},{\"@type\":\"Organization\",\"@id\":\"https:\/\/www.sigueenmovimiento.com\/home\/#organization\",\"name\":\"Plataforma Sigue en Movimiento\",\"url\":\"https:\/\/www.sigueenmovimiento.com\/home\/\",\"logo\":{\"@type\":\"ImageObject\",\"inLanguage\":\"es\",\"@id\":\"https:\/\/www.sigueenmovimiento.com\/home\/#\/schema\/logo\/image\/\",\"url\":\"http:\/\/www.sigueenmovimiento.com\/home\/wp-content\/uploads\/2018\/12\/LOGO.jpg\",\"contentUrl\":\"http:\/\/www.sigueenmovimiento.com\/home\/wp-content\/uploads\/2018\/12\/LOGO.jpg\",\"width\":736,\"height\":714,\"caption\":\"Plataforma Sigue en Movimiento\"},\"image\":{\"@id\":\"https:\/\/www.sigueenmovimiento.com\/home\/#\/schema\/logo\/image\/\"},\"sameAs\":[\"http:\/\/www.facebook.com\/sigueenmovimiento\",\"https:\/\/x.com\/siguemovimiento\"]}]}<\/script>\n<!-- \/ Yoast SEO plugin. -->","yoast_head_json":{"title":"Nuestros certificados | Sigue en Movimiento","robots":{"index":"index","follow":"follow","max-snippet":"max-snippet:-1","max-image-preview":"max-image-preview:large","max-video-preview":"max-video-preview:-1"},"canonical":"https:\/\/www.sigueenmovimiento.com\/home\/nuestros-certificados\/","og_locale":"es_ES","og_type":"article","og_title":"Nuestros certificados | Sigue en Movimiento","og_description":"Emitimos certificados digitales verificables en formato imprimible de alta calidad reconocidos por el Instituto Suramericano de Educaci\u00f3n Moderna ISEM C.A. que son enviados al correo electr\u00f3nico del participante una vez ...","og_url":"https:\/\/www.sigueenmovimiento.com\/home\/nuestros-certificados\/","og_site_name":"Sigue en Movimiento","article_publisher":"http:\/\/www.facebook.com\/sigueenmovimiento","article_modified_time":"2022-05-03T17:50:50+00:00","og_image":[{"url":"http:\/\/www.sigueenmovimiento.com\/home\/wp-content\/uploads\/2022\/01\/Adultos-Mayores-scaled.jpg","type":"","width":"","height":""}],"twitter_card":"summary_large_image","twitter_site":"@siguemovimiento","twitter_misc":{"Tiempo de lectura":"3 minutos"},"schema":{"@context":"https:\/\/schema.org","@graph":[{"@type":"WebPage","@id":"https:\/\/www.sigueenmovimiento.com\/home\/nuestros-certificados\/","url":"https:\/\/www.sigueenmovimiento.com\/home\/nuestros-certificados\/","name":"Nuestros certificados | Sigue en Movimiento","isPartOf":{"@id":"https:\/\/www.sigueenmovimiento.com\/home\/#website"},"primaryImageOfPage":{"@id":"https:\/\/www.sigueenmovimiento.com\/home\/nuestros-certificados\/#primaryimage"},"image":{"@id":"https:\/\/www.sigueenmovimiento.com\/home\/nuestros-certificados\/#primaryimage"},"thumbnailUrl":"http:\/\/www.sigueenmovimiento.com\/home\/wp-content\/uploads\/2022\/01\/Adultos-Mayores-scaled.jpg","datePublished":"2019-02-04T19:04:14+00:00","dateModified":"2022-05-03T17:50:50+00:00","breadcrumb":{"@id":"https:\/\/www.sigueenmovimiento.com\/home\/nuestros-certificados\/#breadcrumb"},"inLanguage":"es","potentialAction":[{"@type":"ReadAction","target":["https:\/\/www.sigueenmovimiento.com\/home\/nuestros-certificados\/"]}]},{"@type":"ImageObject","inLanguage":"es","@id":"https:\/\/www.sigueenmovimiento.com\/home\/nuestros-certificados\/#primaryimage","url":"http:\/\/www.sigueenmovimiento.com\/home\/wp-content\/uploads\/2022\/01\/Adultos-Mayores-scaled.jpg","contentUrl":"http:\/\/www.sigueenmovimiento.com\/home\/wp-content\/uploads\/2022\/01\/Adultos-Mayores-scaled.jpg"},{"@type":"BreadcrumbList","@id":"https:\/\/www.sigueenmovimiento.com\/home\/nuestros-certificados\/#breadcrumb","itemListElement":[{"@type":"ListItem","position":1,"name":"Portada","item":"https:\/\/www.sigueenmovimiento.com\/home\/"},{"@type":"ListItem","position":2,"name":"Nuestros certificados"}]},{"@type":"WebSite","@id":"https:\/\/www.sigueenmovimiento.com\/home\/#website","url":"https:\/\/www.sigueenmovimiento.com\/home\/","name":"Sigue en Movimiento","description":"Certificaciones, cursos y talleres online para entrenadores deportivos y especialistas en fitness","publisher":{"@id":"https:\/\/www.sigueenmovimiento.com\/home\/#organization"},"potentialAction":[{"@type":"SearchAction","target":{"@type":"EntryPoint","urlTemplate":"https:\/\/www.sigueenmovimiento.com\/home\/?s={search_term_string}"},"query-input":{"@type":"PropertyValueSpecification","valueRequired":true,"valueName":"search_term_string"}}],"inLanguage":"es"},{"@type":"Organization","@id":"https:\/\/www.sigueenmovimiento.com\/home\/#organization","name":"Plataforma Sigue en Movimiento","url":"https:\/\/www.sigueenmovimiento.com\/home\/","logo":{"@type":"ImageObject","inLanguage":"es","@id":"https:\/\/www.sigueenmovimiento.com\/home\/#\/schema\/logo\/image\/","url":"http:\/\/www.sigueenmovimiento.com\/home\/wp-content\/uploads\/2018\/12\/LOGO.jpg","contentUrl":"http:\/\/www.sigueenmovimiento.com\/home\/wp-content\/uploads\/2018\/12\/LOGO.jpg","width":736,"height":714,"caption":"Plataforma Sigue en Movimiento"},"image":{"@id":"https:\/\/www.sigueenmovimiento.com\/home\/#\/schema\/logo\/image\/"},"sameAs":["http:\/\/www.facebook.com\/sigueenmovimiento","https:\/\/x.com\/siguemovimiento"]}]}},"jetpack_sharing_enabled":true,"_links":{"self":[{"href":"https:\/\/www.sigueenmovimiento.com\/home\/wp-json\/wp\/v2\/pages\/620","targetHints":{"allow":["GET"]}}],"collection":[{"href":"https:\/\/www.sigueenmovimiento.com\/home\/wp-json\/wp\/v2\/pages"}],"about":[{"href":"https:\/\/www.sigueenmovimiento.com\/home\/wp-json\/wp\/v2\/types\/page"}],"author":[{"embeddable":true,"href":"https:\/\/www.sigueenmovimiento.com\/home\/wp-json\/wp\/v2\/users\/1"}],"replies":[{"embeddable":true,"href":"https:\/\/www.sigueenmovimiento.com\/home\/wp-json\/wp\/v2\/comments?post=620"}],"version-history":[{"count":20,"href":"https:\/\/www.sigueenmovimiento.com\/home\/wp-json\/wp\/v2\/pages\/620\/revisions"}],"predecessor-version":[{"id":5267,"href":"https:\/\/www.sigueenmovimiento.com\/home\/wp-json\/wp\/v2\/pages\/620\/revisions\/5267"}],"wp:attachment":[{"href":"https:\/\/www.sigueenmovimiento.com\/home\/wp-json\/wp\/v2\/media?parent=620"}],"curies":[{"name":"wp","href":"https:\/\/api.w.org\/{rel}","templated":true}]}}