{"id":4798,"date":"2024-01-12T18:24:55","date_gmt":"2024-01-12T18:24:55","guid":{"rendered":"https:\/\/sigueenmovimiento.com\/home\/?page_id=4798"},"modified":"2024-02-05T03:22:01","modified_gmt":"2024-02-05T03:22:01","slug":"consulta","status":"publish","type":"page","link":"https:\/\/www.sigueenmovimiento.com\/home\/consulta\/","title":{"rendered":"Directorio de miembros"},"content":{"rendered":"\t\t<div data-elementor-type=\"wp-page\" data-elementor-id=\"4798\" class=\"elementor elementor-4798\">\n\t\t\t\t\t\t<section class=\"elementor-section elementor-top-section elementor-element elementor-element-7a45c26 elementor-section-boxed elementor-section-height-default elementor-section-height-default\" data-id=\"7a45c26\" data-element_type=\"section\">\n\t\t\t\t\t\t<div class=\"elementor-container elementor-column-gap-default\">\n\t\t\t\t\t<div class=\"elementor-column elementor-col-100 elementor-top-column elementor-element elementor-element-eab30f8\" data-id=\"eab30f8\" data-element_type=\"column\">\n\t\t\t<div class=\"elementor-widget-wrap elementor-element-populated\">\n\t\t\t\t\t\t<div class=\"elementor-element elementor-element-02b2ead elementor-widget elementor-widget-spacer\" data-id=\"02b2ead\" data-element_type=\"widget\" data-widget_type=\"spacer.default\">\n\t\t\t\t<div class=\"elementor-widget-container\">\n\t\t\t\t\t\t\t<div class=\"elementor-spacer\">\n\t\t\t<div class=\"elementor-spacer-inner\"><\/div>\n\t\t<\/div>\n\t\t\t\t\t\t<\/div>\n\t\t\t\t<\/div>\n\t\t\t\t\t<\/div>\n\t\t<\/div>\n\t\t\t\t\t<\/div>\n\t\t<\/section>\n\t\t\t\t<section class=\"elementor-section elementor-top-section elementor-element elementor-element-373977d elementor-section-boxed elementor-section-height-default elementor-section-height-default\" data-id=\"373977d\" data-element_type=\"section\">\n\t\t\t\t\t\t<div class=\"elementor-container elementor-column-gap-default\">\n\t\t\t\t\t<div class=\"elementor-column elementor-col-100 elementor-top-column elementor-element elementor-element-6834a6b\" data-id=\"6834a6b\" data-element_type=\"column\">\n\t\t\t<div class=\"elementor-widget-wrap elementor-element-populated\">\n\t\t\t\t\t\t<div class=\"elementor-element elementor-element-3cf661f elementor-widget elementor-widget-heading\" data-id=\"3cf661f\" data-element_type=\"widget\" data-widget_type=\"heading.default\">\n\t\t\t\t<div class=\"elementor-widget-container\">\n\t\t\t\t\t<h2 class=\"elementor-heading-title elementor-size-default\">VERIFICACI\u00d3N DE CERTIFICADOS<\/h2>\t\t\t\t<\/div>\n\t\t\t\t<\/div>\n\t\t\t\t\t<\/div>\n\t\t<\/div>\n\t\t\t\t\t<\/div>\n\t\t<\/section>\n\t\t\t\t<section class=\"elementor-section elementor-top-section elementor-element elementor-element-43cbb21 elementor-section-boxed elementor-section-height-default elementor-section-height-default\" data-id=\"43cbb21\" data-element_type=\"section\">\n\t\t\t\t\t\t<div class=\"elementor-container elementor-column-gap-default\">\n\t\t\t\t\t<div class=\"elementor-column elementor-col-100 elementor-top-column elementor-element elementor-element-09217b5\" data-id=\"09217b5\" data-element_type=\"column\">\n\t\t\t<div class=\"elementor-widget-wrap elementor-element-populated\">\n\t\t\t\t\t\t<div class=\"elementor-element elementor-element-e07a14c elementor-widget elementor-widget-text-editor\" data-id=\"e07a14c\" data-element_type=\"widget\" data-widget_type=\"text-editor.default\">\n\t\t\t\t<div class=\"elementor-widget-container\">\n\t\t\t\t\t\t\t\t\t<p>A trav\u00e9s de este sistema es posible <strong>verificar la informaci\u00f3n<\/strong> impresa en cualquier certificado emitido por nuestra plataforma.<\/p><p><strong>Debe seguir los siguientes pasos:<\/strong><\/p><ol><li>En el \u00e1rea de b\u00fasqueda, seleccione preferiblemente las variables:<strong> nombres y apellidos.<\/strong><\/li><li><strong>Escriba los datos<\/strong> de la misma forma en que se encuentran impresos en el certificado a validar.<\/li><li>Haga clic en <strong>BUSCAR<\/strong><\/li><li>En la parte inferior se listar\u00e1n todos los estudiantes certificados cuyos datos coincidan con la b\u00fasqueda.<\/li><li><strong>Haga clic sobre los datos <\/strong>que coincidan con los impresos en el certificado\u00a0para <strong>verificar su autenticidad.<\/strong><\/li><\/ol><div><strong><em>Tambi\u00e9n puede realizar una b\u00fasqueda por n\u00famero de identificaci\u00f3n, el cual se encuentra impreso en el certificado, ciudad o pa\u00eds del participante.<\/em><\/strong><\/div>\t\t\t\t\t\t\t\t<\/div>\n\t\t\t\t<\/div>\n\t\t\t\t\t<\/div>\n\t\t<\/div>\n\t\t\t\t\t<\/div>\n\t\t<\/section>\n\t\t\t\t<section class=\"elementor-section elementor-top-section elementor-element elementor-element-0a777b6 elementor-section-boxed elementor-section-height-default elementor-section-height-default\" data-id=\"0a777b6\" data-element_type=\"section\">\n\t\t\t\t\t\t<div class=\"elementor-container elementor-column-gap-default\">\n\t\t\t\t\t<div class=\"elementor-column elementor-col-100 elementor-top-column elementor-element elementor-element-dd6fc32\" data-id=\"dd6fc32\" data-element_type=\"column\">\n\t\t\t<div class=\"elementor-widget-wrap elementor-element-populated\">\n\t\t\t\t\t\t<div class=\"elementor-element elementor-element-2fcf9d7 elementor-widget elementor-widget-shortcode\" data-id=\"2fcf9d7\" data-element_type=\"widget\" data-widget_type=\"shortcode.default\">\n\t\t\t\t<div class=\"elementor-widget-container\">\n\t\t\t\t\t\t\t<div class=\"elementor-shortcode\"><div class=\"wrap pdb-list pdb-instance-1 participants-database\" id=\"participants-list-1\">\n  \n<div class=\"pdb-searchform\">\n<div class=\"pdb-error pdb-search-error\" style=\"display:none\">\n<p class=\"search_field_error\">Seleccione un columna para buscar.<\/p>\n<p class=\"value_error\">Por favor, escriba algo para buscar.<\/p>\n<\/div>\n<form method=\"post\" class=\"sort_filter_form\" action=\"https:\/\/www.sigueenmovimiento.com\/home\/consulta\/#participants-list-1\" data-ref=\"update\">\n<input name=\"action\" type=\"hidden\" value=\"pdb_list_filter\" \/>\n\n<input name=\"target_instance\" type=\"hidden\" value=\"1\" \/>\n\n<input name=\"instance_index\" type=\"hidden\" value=\"1\" \/>\n\n<input name=\"pagelink\" type=\"hidden\" value=\"\/home\/wp-json\/wp\/v2\/pages\/4798?listpage=%1$s\" \/>\n\n<input name=\"sess\" type=\"hidden\" value=\"uudpurn0f1b0c9h2bgn4bvmts4\" \/>\n\n<fieldset class=\"widefat inline-controls\">\n<legend>Selecciones \"Identificaci\u00f3n\" escriba el n\u00famero impreso en el certificado y haga clic en \"Buscar\"<\/legend>\n<select name=\"search_field\" id=\"pdb-search_field-2\" class=\"search-item\">\n<option value=\"first_name\" selected=\"selected\">Nombres<\/option>\n<option value=\"last_name\">Apellidos<\/option>\n<option value=\"identificaci\u00f3n\">Identificaci\u00f3n<\/option>\n<option value=\"city\">Ciudad<\/option>\n<option value=\"country\">Pa\u00eds<\/option>\n<\/select>\n\n<input name=\"operator\" type=\"hidden\" class=\"search-item\" value=\"LIKE\" \/>\n<input name=\"value\" id=\"participant_search_term\" class=\"search-item\" type=\"text\" value=\"\" \/>\n\n<input name=\"submit_button\" class=\"search-form-submit\" data-submit=\"search\" type=\"submit\" value=\"Buscar\">\n<input name=\"submit_button\" class=\"search-form-clear\" data-submit=\"clear\" type=\"submit\" value=\"Limpiar\">\n<\/fieldset>\n<\/form><\/div>  <table class=\"wp-list-table widefat fixed pages list-container\" >\n\n          <caption class=\"pdb-list-count list-count-zero\"><span class=\"list-display-count\">Registros encontrados: 0, mostrando 30 por p\u00e1gina<\/span><\/caption>    \n\n    \n      <tbody>\n        <tr>\n          <td><\/td>\n        <\/tr>\n      <\/tbody>\n\n\n  <\/table>\n  <\/div><\/div>\n\t\t\t\t\t\t<\/div>\n\t\t\t\t<\/div>\n\t\t\t\t<div class=\"elementor-element elementor-element-6239823 elementor-widget-divider--view-line elementor-widget elementor-widget-divider\" data-id=\"6239823\" data-element_type=\"widget\" data-widget_type=\"divider.default\">\n\t\t\t\t<div class=\"elementor-widget-container\">\n\t\t\t\t\t\t\t<div class=\"elementor-divider\">\n\t\t\t<span class=\"elementor-divider-separator\">\n\t\t\t\t\t\t<\/span>\n\t\t<\/div>\n\t\t\t\t\t\t<\/div>\n\t\t\t\t<\/div>\n\t\t\t\t\t<\/div>\n\t\t<\/div>\n\t\t\t\t\t<\/div>\n\t\t<\/section>\n\t\t\t\t<\/div>\n\t\t","protected":false},"excerpt":{"rendered":"<p>VERIFICACI\u00d3N DE CERTIFICADOS A trav\u00e9s de este sistema es posible verificar la informaci\u00f3n impresa en cualquier certificado emitido por nuestra plataforma. Debe seguir los siguientes pasos: En el \u00e1rea de &#8230;<\/p>\n","protected":false},"author":1,"featured_media":0,"parent":0,"menu_order":0,"comment_status":"closed","ping_status":"closed","template":"elementor_header_footer","meta":{"_joinchat":[],"footnotes":""},"class_list":["post-4798","page","type-page","status-publish","hentry"],"yoast_head":"<!-- This site is optimized with the Yoast SEO plugin v26.4 - https:\/\/yoast.com\/wordpress\/plugins\/seo\/ -->\n<title>Directorio de miembros | Sigue en Movimiento<\/title>\n<meta name=\"robots\" content=\"index, follow, max-snippet:-1, max-image-preview:large, max-video-preview:-1\" \/>\n<link rel=\"canonical\" href=\"https:\/\/www.sigueenmovimiento.com\/home\/consulta\/\" \/>\n<meta property=\"og:locale\" content=\"es_ES\" \/>\n<meta property=\"og:type\" content=\"article\" \/>\n<meta property=\"og:title\" content=\"Directorio de miembros | Sigue en Movimiento\" \/>\n<meta property=\"og:description\" content=\"VERIFICACI\u00d3N DE CERTIFICADOS A trav\u00e9s de este sistema es posible verificar la informaci\u00f3n impresa en cualquier certificado emitido por nuestra plataforma. Debe seguir los siguientes pasos: En el \u00e1rea de ...\" \/>\n<meta property=\"og:url\" content=\"https:\/\/www.sigueenmovimiento.com\/home\/consulta\/\" \/>\n<meta property=\"og:site_name\" content=\"Sigue en Movimiento\" \/>\n<meta property=\"article:publisher\" content=\"http:\/\/www.facebook.com\/sigueenmovimiento\" \/>\n<meta property=\"article:modified_time\" content=\"2024-02-05T03:22:01+00:00\" \/>\n<meta name=\"twitter:card\" content=\"summary_large_image\" \/>\n<meta name=\"twitter:site\" content=\"@siguemovimiento\" \/>\n<meta name=\"twitter:label1\" content=\"Tiempo de lectura\" \/>\n\t<meta name=\"twitter:data1\" content=\"1 minuto\" \/>\n<script type=\"application\/ld+json\" class=\"yoast-schema-graph\">{\"@context\":\"https:\/\/schema.org\",\"@graph\":[{\"@type\":\"WebPage\",\"@id\":\"https:\/\/www.sigueenmovimiento.com\/home\/consulta\/\",\"url\":\"https:\/\/www.sigueenmovimiento.com\/home\/consulta\/\",\"name\":\"Directorio de miembros | Sigue en Movimiento\",\"isPartOf\":{\"@id\":\"https:\/\/www.sigueenmovimiento.com\/home\/#website\"},\"datePublished\":\"2024-01-12T18:24:55+00:00\",\"dateModified\":\"2024-02-05T03:22:01+00:00\",\"breadcrumb\":{\"@id\":\"https:\/\/www.sigueenmovimiento.com\/home\/consulta\/#breadcrumb\"},\"inLanguage\":\"es\",\"potentialAction\":[{\"@type\":\"ReadAction\",\"target\":[\"https:\/\/www.sigueenmovimiento.com\/home\/consulta\/\"]}]},{\"@type\":\"BreadcrumbList\",\"@id\":\"https:\/\/www.sigueenmovimiento.com\/home\/consulta\/#breadcrumb\",\"itemListElement\":[{\"@type\":\"ListItem\",\"position\":1,\"name\":\"Portada\",\"item\":\"https:\/\/www.sigueenmovimiento.com\/home\/\"},{\"@type\":\"ListItem\",\"position\":2,\"name\":\"Directorio de miembros\"}]},{\"@type\":\"WebSite\",\"@id\":\"https:\/\/www.sigueenmovimiento.com\/home\/#website\",\"url\":\"https:\/\/www.sigueenmovimiento.com\/home\/\",\"name\":\"Sigue en Movimiento\",\"description\":\"Certificaciones, cursos y talleres online para entrenadores deportivos y especialistas en fitness\",\"publisher\":{\"@id\":\"https:\/\/www.sigueenmovimiento.com\/home\/#organization\"},\"potentialAction\":[{\"@type\":\"SearchAction\",\"target\":{\"@type\":\"EntryPoint\",\"urlTemplate\":\"https:\/\/www.sigueenmovimiento.com\/home\/?s={search_term_string}\"},\"query-input\":{\"@type\":\"PropertyValueSpecification\",\"valueRequired\":true,\"valueName\":\"search_term_string\"}}],\"inLanguage\":\"es\"},{\"@type\":\"Organization\",\"@id\":\"https:\/\/www.sigueenmovimiento.com\/home\/#organization\",\"name\":\"Plataforma Sigue en Movimiento\",\"url\":\"https:\/\/www.sigueenmovimiento.com\/home\/\",\"logo\":{\"@type\":\"ImageObject\",\"inLanguage\":\"es\",\"@id\":\"https:\/\/www.sigueenmovimiento.com\/home\/#\/schema\/logo\/image\/\",\"url\":\"http:\/\/www.sigueenmovimiento.com\/home\/wp-content\/uploads\/2018\/12\/LOGO.jpg\",\"contentUrl\":\"http:\/\/www.sigueenmovimiento.com\/home\/wp-content\/uploads\/2018\/12\/LOGO.jpg\",\"width\":736,\"height\":714,\"caption\":\"Plataforma Sigue en Movimiento\"},\"image\":{\"@id\":\"https:\/\/www.sigueenmovimiento.com\/home\/#\/schema\/logo\/image\/\"},\"sameAs\":[\"http:\/\/www.facebook.com\/sigueenmovimiento\",\"https:\/\/x.com\/siguemovimiento\"]}]}<\/script>\n<!-- \/ Yoast SEO plugin. -->","yoast_head_json":{"title":"Directorio de miembros | Sigue en Movimiento","robots":{"index":"index","follow":"follow","max-snippet":"max-snippet:-1","max-image-preview":"max-image-preview:large","max-video-preview":"max-video-preview:-1"},"canonical":"https:\/\/www.sigueenmovimiento.com\/home\/consulta\/","og_locale":"es_ES","og_type":"article","og_title":"Directorio de miembros | Sigue en Movimiento","og_description":"VERIFICACI\u00d3N DE CERTIFICADOS A trav\u00e9s de este sistema es posible verificar la informaci\u00f3n impresa en cualquier certificado emitido por nuestra plataforma. Debe seguir los siguientes pasos: En el \u00e1rea de ...","og_url":"https:\/\/www.sigueenmovimiento.com\/home\/consulta\/","og_site_name":"Sigue en Movimiento","article_publisher":"http:\/\/www.facebook.com\/sigueenmovimiento","article_modified_time":"2024-02-05T03:22:01+00:00","twitter_card":"summary_large_image","twitter_site":"@siguemovimiento","twitter_misc":{"Tiempo de lectura":"1 minuto"},"schema":{"@context":"https:\/\/schema.org","@graph":[{"@type":"WebPage","@id":"https:\/\/www.sigueenmovimiento.com\/home\/consulta\/","url":"https:\/\/www.sigueenmovimiento.com\/home\/consulta\/","name":"Directorio de miembros | Sigue en Movimiento","isPartOf":{"@id":"https:\/\/www.sigueenmovimiento.com\/home\/#website"},"datePublished":"2024-01-12T18:24:55+00:00","dateModified":"2024-02-05T03:22:01+00:00","breadcrumb":{"@id":"https:\/\/www.sigueenmovimiento.com\/home\/consulta\/#breadcrumb"},"inLanguage":"es","potentialAction":[{"@type":"ReadAction","target":["https:\/\/www.sigueenmovimiento.com\/home\/consulta\/"]}]},{"@type":"BreadcrumbList","@id":"https:\/\/www.sigueenmovimiento.com\/home\/consulta\/#breadcrumb","itemListElement":[{"@type":"ListItem","position":1,"name":"Portada","item":"https:\/\/www.sigueenmovimiento.com\/home\/"},{"@type":"ListItem","position":2,"name":"Directorio de miembros"}]},{"@type":"WebSite","@id":"https:\/\/www.sigueenmovimiento.com\/home\/#website","url":"https:\/\/www.sigueenmovimiento.com\/home\/","name":"Sigue en Movimiento","description":"Certificaciones, cursos y talleres online para entrenadores deportivos y especialistas en fitness","publisher":{"@id":"https:\/\/www.sigueenmovimiento.com\/home\/#organization"},"potentialAction":[{"@type":"SearchAction","target":{"@type":"EntryPoint","urlTemplate":"https:\/\/www.sigueenmovimiento.com\/home\/?s={search_term_string}"},"query-input":{"@type":"PropertyValueSpecification","valueRequired":true,"valueName":"search_term_string"}}],"inLanguage":"es"},{"@type":"Organization","@id":"https:\/\/www.sigueenmovimiento.com\/home\/#organization","name":"Plataforma Sigue en Movimiento","url":"https:\/\/www.sigueenmovimiento.com\/home\/","logo":{"@type":"ImageObject","inLanguage":"es","@id":"https:\/\/www.sigueenmovimiento.com\/home\/#\/schema\/logo\/image\/","url":"http:\/\/www.sigueenmovimiento.com\/home\/wp-content\/uploads\/2018\/12\/LOGO.jpg","contentUrl":"http:\/\/www.sigueenmovimiento.com\/home\/wp-content\/uploads\/2018\/12\/LOGO.jpg","width":736,"height":714,"caption":"Plataforma Sigue en Movimiento"},"image":{"@id":"https:\/\/www.sigueenmovimiento.com\/home\/#\/schema\/logo\/image\/"},"sameAs":["http:\/\/www.facebook.com\/sigueenmovimiento","https:\/\/x.com\/siguemovimiento"]}]}},"jetpack_sharing_enabled":true,"_links":{"self":[{"href":"https:\/\/www.sigueenmovimiento.com\/home\/wp-json\/wp\/v2\/pages\/4798","targetHints":{"allow":["GET"]}}],"collection":[{"href":"https:\/\/www.sigueenmovimiento.com\/home\/wp-json\/wp\/v2\/pages"}],"about":[{"href":"https:\/\/www.sigueenmovimiento.com\/home\/wp-json\/wp\/v2\/types\/page"}],"author":[{"embeddable":true,"href":"https:\/\/www.sigueenmovimiento.com\/home\/wp-json\/wp\/v2\/users\/1"}],"replies":[{"embeddable":true,"href":"https:\/\/www.sigueenmovimiento.com\/home\/wp-json\/wp\/v2\/comments?post=4798"}],"version-history":[{"count":90,"href":"https:\/\/www.sigueenmovimiento.com\/home\/wp-json\/wp\/v2\/pages\/4798\/revisions"}],"predecessor-version":[{"id":6552,"href":"https:\/\/www.sigueenmovimiento.com\/home\/wp-json\/wp\/v2\/pages\/4798\/revisions\/6552"}],"wp:attachment":[{"href":"https:\/\/www.sigueenmovimiento.com\/home\/wp-json\/wp\/v2\/media?parent=4798"}],"curies":[{"name":"wp","href":"https:\/\/api.w.org\/{rel}","templated":true}]}}