{"id":1381,"date":"2021-06-03T20:40:55","date_gmt":"2021-06-03T20:40:55","guid":{"rendered":"http:\/\/www.sigueenmovimiento.com\/home\/?page_id=1381"},"modified":"2021-06-13T19:56:57","modified_gmt":"2021-06-13T19:56:57","slug":"innova","status":"publish","type":"page","link":"https:\/\/www.sigueenmovimiento.com\/home\/innova\/","title":{"rendered":"Zona de innovaci\u00f3n"},"content":{"rendered":"\n<p class=\"has-text-align-left\">C\u00f3mo entidad educativa privada <strong>fundada en el a\u00f1o 2011<\/strong> dedicada a impartir formaci\u00f3n presencial en el \u00e1rea de las <strong>tecnolog\u00edas y ciencias aplicadas al deporte<\/strong> en Colombia y Venezuela, y <strong>desde el a\u00f1o 2017 a nivel virtual<\/strong> para el resto de <strong>Latinoam\u00e9rica<\/strong>, somos conscientes de la gran importancia que tiene la investigaci\u00f3n, innovaci\u00f3n as\u00ed c\u00f3mo la formaci\u00f3n especializada de alto nivel para generar un impacto positivo, trascendental y de valor en el mundo del deporte.<\/p>\n\n\n\n<p>Es debido a lo anterior, que la <strong>zona de innovaci\u00f3n<\/strong> pretende contribuir con que nuestros estudiantes, colaboradores, seguidores y suscriptores descubran y obtengan tecnolog\u00edas accesibles que les permitan desempe\u00f1arse de forma m\u00e1s profesional en su labor dentro del deporte a la vez que conocen otras alternativas oficiales de formaci\u00f3n disponibles a nivel internacional y que contribuyen realmente con el desarrollo de verdaderos profesionales del deporte.<\/p>\n\n\n\n<h4 class=\"wp-block-heading\"><strong>\u00bfCu\u00e1l es el objetivo?<\/strong><\/h4>\n\n\n\n<p>Conseguir financiamiento a trav\u00e9s de <strong>crowdfunding <\/strong>para generar investigaci\u00f3n, y en base a ella producir contenidos, nuevas tecnolog\u00edas, recursos educativos de gran calidad y utilidad para los profesionales y entusiastas del deporte que conforman esta gran comunidad; software, aplicaciones m\u00f3viles, materiales educativos, audiovisuales, bibliogr\u00e1ficos son recursos que se pueden generar al tiempo en que se fomenta y garantiza acceso gratuito a nuevas alternativas de formaci\u00f3n oficiales disponibles en espa\u00f1ol financiadas por y para los miembros de la comunidad.<\/p>\n\n\n\n<h4 class=\"wp-block-heading\"><strong>\u00bfPor qu\u00e9 la inversi\u00f3n?<\/strong><\/h4>\n\n\n\n<p>Estamos haciendo crowdfunding (creando un <strong>fondo para financiar innovaci\u00f3n y educaci\u00f3n en el \u00e1rea del deporte<\/strong>) que beneficie a los <strong>latinoamericanos<\/strong>, este fondo ser\u00e1 utilizado para sortear alternativas de formaci\u00f3n entre los miembros de la comunidad de <strong>Sigue en Movimiento <\/strong>de forma peri\u00f3dica, financiar investigaci\u00f3n en desarrollo de software, aplicaciones, material audiovisual, publicaciones bibliogr\u00e1ficas entre otros recursos educativos que en el futuro se distribuir\u00e1n entre todos los miembros registrados en la zona de innovaci\u00f3n.<\/p>\n\n\n\n<h4 class=\"wp-block-heading\"><strong>\u00bfQu\u00e9 pasa si participo por un curso y no resulto ganador?<\/strong><\/h4>\n\n\n\n<p>En nuestra zona de innovaci\u00f3n nadie pierde,<strong> siempre resultar\u00e1s ganador<\/strong>, si bien, es posible que no seas el acreedor del material que se sortea entre la comunidad, en adelante todos los participantes ser\u00e1n recompensados con:<\/p>\n\n\n\n<ul class=\"wp-block-list\"><li>Recursos audiovisuales gratuitos cargados de contenidos educativos e informaci\u00f3n relevante actualizada y de gran calidad.<\/li><li>Publicaciones escritas e e-books gratuitos.<\/li><li>Pruebas de aplicaciones m\u00f3viles, software de escritorio y utilidades inform\u00e1ticas desarrolladas por nosotros.<\/li><li>La posibilidad de mantenerse informado acerca de sorteos de cursos oficiales, libros, aplicaciones y software desarrollados por terceros.<\/li><li>Una constante y fluida corriente de informaci\u00f3n que llegar\u00e1 a tu direcci\u00f3n de correo electr\u00f3nico, que te permitir\u00e1 mantenerte actualizado, continuar aprendiendo sin l\u00edmites y por supuesto, seguir en movimiento.<\/li><\/ul>\n\n\n\n<p>Puedes participar en <strong>nuestra zona<\/strong> de innovaci\u00f3n adquiriendo los cursos y micro cursos que se listen a trav\u00e9s de ella o sum\u00e1ndote a los sorteos de programas de formaci\u00f3n oficiales que estaremos promoviendo a trav\u00e9s de nuestros medios de difusi\u00f3n de informaci\u00f3n.<\/p>\n\n\n\n<p>S\u00famate a nuestro grupo de innovadores, registrando tu informaci\u00f3n a trav\u00e9s del bot\u00f3n que encontrar\u00e1s en la parte inferior.<\/p>\n\n\n<a class=\"maxbutton-2 maxbutton maxbutton-otro-pais\" title=\"Registrarse en la zona de innovaci\u00f3n\" href=\"http:\/\/www.sigueenmovimiento.com\/home\/registro-en-zona-de-innovacion\/\"><span class='mb-text'>Participar<\/span><\/a>\n\n\n\t\t\t\t\t\t\t<h3 style=\"margin-bottom:20px;display:block;width:100%;margin-top:10px\">Cursos de la zona de innovaci\u00f3n <\/h3>\r\n\t\t\t\t\t\t<style>\r\n\t\t\t\t<style>\r\n#wpsm_accordion_1443 .wpsm_panel-heading{\r\n\tpadding:0px !important;\r\n}\r\n#wpsm_accordion_1443 .wpsm_panel-title {\r\n\tmargin:0px !important; \r\n\ttext-transform:none !important;\r\n\tline-height: 1 !important;\r\n}\r\n#wpsm_accordion_1443 .wpsm_panel-title a{\r\n\ttext-decoration:none;\r\n\toverflow:hidden;\r\n\tdisplay:block;\r\n\tpadding:0px;\r\n\tfont-size: 18px !important;\r\n\tfont-family: Open Sans !important;\r\n\tcolor:#000000 !important;\r\n\tborder-bottom:0px !important;\r\n}\r\n\r\n#wpsm_accordion_1443 .wpsm_panel-title a:focus {\r\noutline: 0px !important;\r\n}\r\n\r\n#wpsm_accordion_1443 .wpsm_panel-title a:hover, #wpsm_accordion_1443 .wpsm_panel-title a:focus {\r\n\tcolor:#000000 !important;\r\n}\r\n#wpsm_accordion_1443 .acc-a{\r\n\tcolor: #000000 !important;\r\n\tbackground-color:#e8e8e8 !important;\r\n\tborder-color: #ddd;\r\n}\r\n#wpsm_accordion_1443 .wpsm_panel-default > .wpsm_panel-heading{\r\n\tcolor: #000000 !important;\r\n\tbackground-color: #e8e8e8 !important;\r\n\tborder-color: #e8e8e8 !important;\r\n\tborder-top-left-radius: 0px;\r\n\tborder-top-right-radius: 0px;\r\n}\r\n#wpsm_accordion_1443 .wpsm_panel-default {\r\n\t\tborder:1px solid transparent !important;\r\n\t}\r\n#wpsm_accordion_1443 {\r\n\tmargin-bottom: 20px;\r\n\toverflow: hidden;\r\n\tfloat: none;\r\n\twidth: 100%;\r\n\tdisplay: block;\r\n}\r\n#wpsm_accordion_1443 .ac_title_class{\r\n\tdisplay: block;\r\n\tpadding-top: 12px;\r\n\tpadding-bottom: 12px;\r\n\tpadding-left: 15px;\r\n\tpadding-right: 15px;\r\n}\r\n#wpsm_accordion_1443  .wpsm_panel {\r\n\toverflow:hidden;\r\n\t-webkit-box-shadow: 0 0px 0px rgba(0, 0, 0, .05);\r\n\tbox-shadow: 0 0px 0px rgba(0, 0, 0, .05);\r\n\t\tborder-radius: 4px;\r\n\t}\r\n#wpsm_accordion_1443  .wpsm_panel + .wpsm_panel {\r\n\t\tmargin-top: 5px;\r\n\t}\r\n#wpsm_accordion_1443  .wpsm_panel-body{\r\n\tbackground-color:#ffffff !important;\r\n\tcolor:#000000 !important;\r\n\tborder-top-color: #e8e8e8 !important;\r\n\tfont-size:16px !important;\r\n\tfont-family: Open Sans !important;\r\n\toverflow: hidden;\r\n\t\tborder: 2px solid #e8e8e8 !important;\r\n\t}\r\n\r\n#wpsm_accordion_1443 .ac_open_cl_icon{\r\n\tbackground-color:#e8e8e8 !important;\r\n\tcolor: #000000 !important;\r\n\tfloat:right !important;\r\n\tpadding-top: 12px !important;\r\n\tpadding-bottom: 12px !important;\r\n\tline-height: 1.0 !important;\r\n\tpadding-left: 15px !important;\r\n\tpadding-right: 15px !important;\r\n\tdisplay: inline-block !important;\r\n}\r\n\r\n\t\t\t\r\n\t\t\t<\/style>\t\r\n\t\t\t<\/style>\r\n\t\t\t<div class=\"wpsm_panel-group\" id=\"wpsm_accordion_1443\" >\r\n\t\t\t\t\t\t\t\t\r\n\t\t\t\t\t<!-- Inner panel Start -->\r\n\t\t\t\t\t<div class=\"wpsm_panel wpsm_panel-default\">\r\n\t\t\t\t\t\t<div class=\"wpsm_panel-heading\" role=\"tab\" >\r\n\t\t\t\t\t\t  <h4 class=\"wpsm_panel-title\">\r\n\t\t\t\t\t\t\t<a  class=\"\"  data-toggle=\"collapse\" data-parent=\"#wpsm_accordion_1443 \" href=\"javascript:void(0)\" data-target=\"#ac_1443_collapse1\" onclick=\"do_resize()\">\r\n\t\t\t\t\t\t\t\t\t\t\t\t\t\t\t\t\t<span class=\"ac_open_cl_icon fa fa-plus\"><\/span>\r\n\t\t\t\t\t\t\t\t\t\r\n\t\t\t\t\t\t\t\t \r\n\t\t\t\t\t\t\t\t<span class=\"ac_title_class\">\r\n\t\t\t\t\t\t\t\t\t\t\t\t\t\t\t\t\t\t\t\t<span style=\"margin-right:6px;\" class=\"fa fa-laptop\"><\/span>\r\n\t\t\t\t\t\t\t\t\tMicro curso de biomec\u00e1nica deportiva y cinem\u00e1tica rotacional\t\t\t\t\t\t\t\t<\/span>\r\n\t\t\t\t\t\t\t<\/a>\r\n\t\t\t\t\t\t  <\/h4>\r\n\t\t\t\t\t\t<\/div>\r\n\t\t\t\t\t\t<div id=\"ac_1443_collapse1\" class=\"wpsm_panel-collapse collapse \"  >\r\n\t\t\t\t\t\t  <div class=\"wpsm_panel-body\">\r\n\t\t\t\t\t\t\t<a href=\"http:\/\/www.cinematica.sigueenmovimiento.com\"><img fetchpriority=\"high\" decoding=\"async\" class=\"size-medium wp-image-1430 alignleft\" src=\"http:\/\/www.sigueenmovimiento.com\/home\/wp-content\/uploads\/2021\/06\/1-1-300x300.jpg\" alt=\"\" width=\"300\" height=\"300\" srcset=\"https:\/\/www.sigueenmovimiento.com\/home\/wp-content\/uploads\/2021\/06\/1-1-300x300.jpg 300w, https:\/\/www.sigueenmovimiento.com\/home\/wp-content\/uploads\/2021\/06\/1-1-1024x1024.jpg 1024w, https:\/\/www.sigueenmovimiento.com\/home\/wp-content\/uploads\/2021\/06\/1-1-150x150.jpg 150w, https:\/\/www.sigueenmovimiento.com\/home\/wp-content\/uploads\/2021\/06\/1-1-768x768.jpg 768w, https:\/\/www.sigueenmovimiento.com\/home\/wp-content\/uploads\/2021\/06\/1-1-600x600.jpg 600w, https:\/\/www.sigueenmovimiento.com\/home\/wp-content\/uploads\/2021\/06\/1-1-100x100.jpg 100w, https:\/\/www.sigueenmovimiento.com\/home\/wp-content\/uploads\/2021\/06\/1-1-60x60.jpg 60w, https:\/\/www.sigueenmovimiento.com\/home\/wp-content\/uploads\/2021\/06\/1-1-90x90.jpg 90w, https:\/\/www.sigueenmovimiento.com\/home\/wp-content\/uploads\/2021\/06\/1-1.jpg 1080w\" sizes=\"(max-width: 300px) 100vw, 300px\" \/><\/a>\r\n\r\nRecurso digital a modo de <strong>software educativo<\/strong>\u00a0bastante completo que podr\u00e1s\u00a0descargar e instalar en cualquier computador con sistema operativo Windows o iOs, y te permitir\u00e1 acceder permanentemente, en cualquier momento y desde cualquier lugar a sus contenidos aunque no dispongas de acceso a Internet.\r\n\r\n<hr \/>\r\n\r\nEste\u00a0<strong>micro curso multimedia<\/strong>\u00a0se compone de teor\u00eda escrita, explicaciones orales, ecuaciones, ejemplos y v\u00eddeos con animaciones tridimensionales que te ayudar\u00e1n a comprender efectivamente la teor\u00eda propuesta; sin duda, ser\u00e1 una herramienta m\u00e1s de la cual podr\u00e1s disponer en cualquier momento para seguir potenciando\u00a0tu conocimiento en el \u00e1rea de las ciencias aplicadas al deporte.\r\n\r\n<hr \/>\r\n\r\n<strong>\u00bfC\u00f3mo obtengo mi certificaci\u00f3n?<\/strong>\r\n\r\nUna vez consideres que est\u00e1s preparado para evaluar tus conocimientos, podr\u00e1s acceder desde la misma aplicaci\u00f3n a la<strong>\u00a0evaluaci\u00f3n final en l\u00ednea\u00a0<\/strong>que te permitir\u00e1 optar a tu\u00a0<strong>certificaci\u00f3n digital validable y verificable<\/strong>\u00a0a trav\u00e9s de Internet, el cual, acreditar\u00e1 la aprobaci\u00f3n de\u00a0<strong>8 horas acad\u00e9micas a distancia<\/strong>\u00a0del\u00a0<strong><a href=\"http:\/\/www.cinematica.sigueenmovimiento.com\/\">Micro curso de biomec\u00e1nica deportiva y cinem\u00e1tica\u00a0rotacional.<\/a><\/strong>\r\n\r\n<hr \/>\r\n\r\n<a class=\"maxbutton-2 maxbutton maxbutton-otro-pais\" href=\"http:\/\/www.cinematica.sigueenmovimiento.com\"><span class='mb-text'>M\u00e1s informaci\u00f3n<\/span><\/a>\t\t\t\t\t\t  <\/div>\r\n\t\t\t\t\t\t<\/div>\r\n\t\t\t\t\t<\/div>\r\n\t\t\t\t\t<!-- Inner panel End -->\r\n\t\t\t\t\t\r\n\t\t\t\t\t\t\t<\/div>\r\n\t\t\t\r\n<script type=\"text\/javascript\">\r\n\t\r\n\t\tfunction do_resize(){\r\n\r\n\t\t\tvar width=jQuery( '.wpsm_panel .wpsm_panel-body iframe' ).width();\r\n\t\t\tvar height=jQuery( '.wpsm_panel .wpsm_panel-body iframe' ).height();\r\n\r\n\t\t\tvar toggleSize = true;\r\n\t\t\tjQuery('iframe').animate({\r\n\t\t\t    width: toggleSize ? width : 640,\r\n\t\t\t    height: toggleSize ? height : 360\r\n\t\t\t  }, 250);\r\n\r\n\t\t\t  toggleSize = !toggleSize;\r\n\t\t}\r\n\t\t\r\n<\/script>\t\n","protected":false},"excerpt":{"rendered":"<p>C\u00f3mo entidad educativa privada fundada en el a\u00f1o 2011 dedicada a impartir formaci\u00f3n presencial en el \u00e1rea de las tecnolog\u00edas y ciencias aplicadas al deporte en Colombia y Venezuela, y &#8230;<\/p>\n","protected":false},"author":1,"featured_media":0,"parent":0,"menu_order":0,"comment_status":"closed","ping_status":"closed","template":"template-fullwidth.php","meta":{"_joinchat":[],"footnotes":""},"class_list":["post-1381","page","type-page","status-publish","hentry"],"yoast_head":"<!-- This site is optimized with the Yoast SEO plugin v26.4 - https:\/\/yoast.com\/wordpress\/plugins\/seo\/ -->\n<title>Zona de innovaci\u00f3n | Sigue en Movimiento<\/title>\n<meta name=\"robots\" content=\"index, follow, max-snippet:-1, max-image-preview:large, max-video-preview:-1\" \/>\n<link rel=\"canonical\" href=\"https:\/\/www.sigueenmovimiento.com\/home\/innova\/\" \/>\n<meta property=\"og:locale\" content=\"es_ES\" \/>\n<meta property=\"og:type\" content=\"article\" \/>\n<meta property=\"og:title\" content=\"Zona de innovaci\u00f3n | Sigue en Movimiento\" \/>\n<meta property=\"og:description\" content=\"C\u00f3mo entidad educativa privada fundada en el a\u00f1o 2011 dedicada a impartir formaci\u00f3n presencial en el \u00e1rea de las tecnolog\u00edas y ciencias aplicadas al deporte en Colombia y Venezuela, y ...\" \/>\n<meta property=\"og:url\" content=\"https:\/\/www.sigueenmovimiento.com\/home\/innova\/\" \/>\n<meta property=\"og:site_name\" content=\"Sigue en Movimiento\" \/>\n<meta property=\"article:publisher\" content=\"http:\/\/www.facebook.com\/sigueenmovimiento\" \/>\n<meta property=\"article:modified_time\" content=\"2021-06-13T19:56:57+00:00\" \/>\n<meta name=\"twitter:card\" content=\"summary_large_image\" \/>\n<meta name=\"twitter:site\" content=\"@siguemovimiento\" \/>\n<meta name=\"twitter:label1\" content=\"Tiempo de lectura\" \/>\n\t<meta name=\"twitter:data1\" content=\"3 minutos\" \/>\n<script type=\"application\/ld+json\" class=\"yoast-schema-graph\">{\"@context\":\"https:\/\/schema.org\",\"@graph\":[{\"@type\":\"WebPage\",\"@id\":\"https:\/\/www.sigueenmovimiento.com\/home\/innova\/\",\"url\":\"https:\/\/www.sigueenmovimiento.com\/home\/innova\/\",\"name\":\"Zona de innovaci\u00f3n | Sigue en Movimiento\",\"isPartOf\":{\"@id\":\"https:\/\/www.sigueenmovimiento.com\/home\/#website\"},\"datePublished\":\"2021-06-03T20:40:55+00:00\",\"dateModified\":\"2021-06-13T19:56:57+00:00\",\"breadcrumb\":{\"@id\":\"https:\/\/www.sigueenmovimiento.com\/home\/innova\/#breadcrumb\"},\"inLanguage\":\"es\",\"potentialAction\":[{\"@type\":\"ReadAction\",\"target\":[\"https:\/\/www.sigueenmovimiento.com\/home\/innova\/\"]}]},{\"@type\":\"BreadcrumbList\",\"@id\":\"https:\/\/www.sigueenmovimiento.com\/home\/innova\/#breadcrumb\",\"itemListElement\":[{\"@type\":\"ListItem\",\"position\":1,\"name\":\"Portada\",\"item\":\"https:\/\/www.sigueenmovimiento.com\/home\/\"},{\"@type\":\"ListItem\",\"position\":2,\"name\":\"Zona de innovaci\u00f3n\"}]},{\"@type\":\"WebSite\",\"@id\":\"https:\/\/www.sigueenmovimiento.com\/home\/#website\",\"url\":\"https:\/\/www.sigueenmovimiento.com\/home\/\",\"name\":\"Sigue en Movimiento\",\"description\":\"Certificaciones, cursos y talleres online para entrenadores deportivos y especialistas en fitness\",\"publisher\":{\"@id\":\"https:\/\/www.sigueenmovimiento.com\/home\/#organization\"},\"potentialAction\":[{\"@type\":\"SearchAction\",\"target\":{\"@type\":\"EntryPoint\",\"urlTemplate\":\"https:\/\/www.sigueenmovimiento.com\/home\/?s={search_term_string}\"},\"query-input\":{\"@type\":\"PropertyValueSpecification\",\"valueRequired\":true,\"valueName\":\"search_term_string\"}}],\"inLanguage\":\"es\"},{\"@type\":\"Organization\",\"@id\":\"https:\/\/www.sigueenmovimiento.com\/home\/#organization\",\"name\":\"Plataforma Sigue en Movimiento\",\"url\":\"https:\/\/www.sigueenmovimiento.com\/home\/\",\"logo\":{\"@type\":\"ImageObject\",\"inLanguage\":\"es\",\"@id\":\"https:\/\/www.sigueenmovimiento.com\/home\/#\/schema\/logo\/image\/\",\"url\":\"http:\/\/www.sigueenmovimiento.com\/home\/wp-content\/uploads\/2018\/12\/LOGO.jpg\",\"contentUrl\":\"http:\/\/www.sigueenmovimiento.com\/home\/wp-content\/uploads\/2018\/12\/LOGO.jpg\",\"width\":736,\"height\":714,\"caption\":\"Plataforma Sigue en Movimiento\"},\"image\":{\"@id\":\"https:\/\/www.sigueenmovimiento.com\/home\/#\/schema\/logo\/image\/\"},\"sameAs\":[\"http:\/\/www.facebook.com\/sigueenmovimiento\",\"https:\/\/x.com\/siguemovimiento\"]}]}<\/script>\n<!-- \/ Yoast SEO plugin. -->","yoast_head_json":{"title":"Zona de innovaci\u00f3n | Sigue en Movimiento","robots":{"index":"index","follow":"follow","max-snippet":"max-snippet:-1","max-image-preview":"max-image-preview:large","max-video-preview":"max-video-preview:-1"},"canonical":"https:\/\/www.sigueenmovimiento.com\/home\/innova\/","og_locale":"es_ES","og_type":"article","og_title":"Zona de innovaci\u00f3n | Sigue en Movimiento","og_description":"C\u00f3mo entidad educativa privada fundada en el a\u00f1o 2011 dedicada a impartir formaci\u00f3n presencial en el \u00e1rea de las tecnolog\u00edas y ciencias aplicadas al deporte en Colombia y Venezuela, y ...","og_url":"https:\/\/www.sigueenmovimiento.com\/home\/innova\/","og_site_name":"Sigue en Movimiento","article_publisher":"http:\/\/www.facebook.com\/sigueenmovimiento","article_modified_time":"2021-06-13T19:56:57+00:00","twitter_card":"summary_large_image","twitter_site":"@siguemovimiento","twitter_misc":{"Tiempo de lectura":"3 minutos"},"schema":{"@context":"https:\/\/schema.org","@graph":[{"@type":"WebPage","@id":"https:\/\/www.sigueenmovimiento.com\/home\/innova\/","url":"https:\/\/www.sigueenmovimiento.com\/home\/innova\/","name":"Zona de innovaci\u00f3n | Sigue en Movimiento","isPartOf":{"@id":"https:\/\/www.sigueenmovimiento.com\/home\/#website"},"datePublished":"2021-06-03T20:40:55+00:00","dateModified":"2021-06-13T19:56:57+00:00","breadcrumb":{"@id":"https:\/\/www.sigueenmovimiento.com\/home\/innova\/#breadcrumb"},"inLanguage":"es","potentialAction":[{"@type":"ReadAction","target":["https:\/\/www.sigueenmovimiento.com\/home\/innova\/"]}]},{"@type":"BreadcrumbList","@id":"https:\/\/www.sigueenmovimiento.com\/home\/innova\/#breadcrumb","itemListElement":[{"@type":"ListItem","position":1,"name":"Portada","item":"https:\/\/www.sigueenmovimiento.com\/home\/"},{"@type":"ListItem","position":2,"name":"Zona de innovaci\u00f3n"}]},{"@type":"WebSite","@id":"https:\/\/www.sigueenmovimiento.com\/home\/#website","url":"https:\/\/www.sigueenmovimiento.com\/home\/","name":"Sigue en Movimiento","description":"Certificaciones, cursos y talleres online para entrenadores deportivos y especialistas en fitness","publisher":{"@id":"https:\/\/www.sigueenmovimiento.com\/home\/#organization"},"potentialAction":[{"@type":"SearchAction","target":{"@type":"EntryPoint","urlTemplate":"https:\/\/www.sigueenmovimiento.com\/home\/?s={search_term_string}"},"query-input":{"@type":"PropertyValueSpecification","valueRequired":true,"valueName":"search_term_string"}}],"inLanguage":"es"},{"@type":"Organization","@id":"https:\/\/www.sigueenmovimiento.com\/home\/#organization","name":"Plataforma Sigue en Movimiento","url":"https:\/\/www.sigueenmovimiento.com\/home\/","logo":{"@type":"ImageObject","inLanguage":"es","@id":"https:\/\/www.sigueenmovimiento.com\/home\/#\/schema\/logo\/image\/","url":"http:\/\/www.sigueenmovimiento.com\/home\/wp-content\/uploads\/2018\/12\/LOGO.jpg","contentUrl":"http:\/\/www.sigueenmovimiento.com\/home\/wp-content\/uploads\/2018\/12\/LOGO.jpg","width":736,"height":714,"caption":"Plataforma Sigue en Movimiento"},"image":{"@id":"https:\/\/www.sigueenmovimiento.com\/home\/#\/schema\/logo\/image\/"},"sameAs":["http:\/\/www.facebook.com\/sigueenmovimiento","https:\/\/x.com\/siguemovimiento"]}]}},"jetpack_sharing_enabled":true,"_links":{"self":[{"href":"https:\/\/www.sigueenmovimiento.com\/home\/wp-json\/wp\/v2\/pages\/1381","targetHints":{"allow":["GET"]}}],"collection":[{"href":"https:\/\/www.sigueenmovimiento.com\/home\/wp-json\/wp\/v2\/pages"}],"about":[{"href":"https:\/\/www.sigueenmovimiento.com\/home\/wp-json\/wp\/v2\/types\/page"}],"author":[{"embeddable":true,"href":"https:\/\/www.sigueenmovimiento.com\/home\/wp-json\/wp\/v2\/users\/1"}],"replies":[{"embeddable":true,"href":"https:\/\/www.sigueenmovimiento.com\/home\/wp-json\/wp\/v2\/comments?post=1381"}],"version-history":[{"count":8,"href":"https:\/\/www.sigueenmovimiento.com\/home\/wp-json\/wp\/v2\/pages\/1381\/revisions"}],"predecessor-version":[{"id":1445,"href":"https:\/\/www.sigueenmovimiento.com\/home\/wp-json\/wp\/v2\/pages\/1381\/revisions\/1445"}],"wp:attachment":[{"href":"https:\/\/www.sigueenmovimiento.com\/home\/wp-json\/wp\/v2\/media?parent=1381"}],"curies":[{"name":"wp","href":"https:\/\/api.w.org\/{rel}","templated":true}]}}